{"id":8,"date":"2025-03-03T19:25:25","date_gmt":"2025-03-03T22:25:25","guid":{"rendered":"http:\/\/localhost:8888\/makor\/?page_id=8"},"modified":"2025-03-07T09:17:25","modified_gmt":"2025-03-07T12:17:25","slug":"home","status":"publish","type":"page","link":"https:\/\/makorcenter.com.br\/","title":{"rendered":"Home"},"content":{"rendered":"\t\t<div data-elementor-type=\"wp-page\" data-elementor-id=\"8\" class=\"elementor elementor-8\">\n\t\t\t\t<div class=\"elementor-element elementor-element-9b3ab18 e-flex e-con-boxed e-con e-parent\" data-id=\"9b3ab18\" data-element_type=\"container\" data-settings=\"{&quot;background_background&quot;:&quot;classic&quot;}\">\n\t\t\t\t\t<div class=\"e-con-inner\">\n\t\t<div class=\"elementor-element elementor-element-0a5419b e-con-full e-flex e-con e-child\" data-id=\"0a5419b\" data-element_type=\"container\">\n\t\t<div class=\"elementor-element elementor-element-59c638e e-con-full e-flex e-con e-child\" data-id=\"59c638e\" data-element_type=\"container\">\n\t\t\t\t<div class=\"elementor-element elementor-element-3f74a2d elementor-invisible elementor-widget elementor-widget-heading\" data-id=\"3f74a2d\" data-element_type=\"widget\" data-settings=\"{&quot;_animation_mobile&quot;:&quot;fadeInLeft&quot;,&quot;_animation&quot;:&quot;fadeInLeft&quot;}\" data-widget_type=\"heading.default\">\n\t\t\t\t<div class=\"elementor-widget-container\">\n\t\t\t\t\t<h2 class=\"elementor-heading-title elementor-size-default\">Sa\u00fade<\/h2>\t\t\t\t<\/div>\n\t\t\t\t<\/div>\n\t\t\t\t<div class=\"elementor-element elementor-element-3ca9763 elementor-invisible elementor-widget elementor-widget-heading\" data-id=\"3ca9763\" data-element_type=\"widget\" data-settings=\"{&quot;_animation_mobile&quot;:&quot;fadeInLeft&quot;,&quot;_animation&quot;:&quot;fadeInLeft&quot;}\" data-widget_type=\"heading.default\">\n\t\t\t\t<div class=\"elementor-widget-container\">\n\t\t\t\t\t<h2 class=\"elementor-heading-title elementor-size-default\">e performance.<\/h2>\t\t\t\t<\/div>\n\t\t\t\t<\/div>\n\t\t\t\t<\/div>\n\t\t<div class=\"elementor-element elementor-element-13f0525 e-con-full e-flex elementor-invisible e-con e-child\" data-id=\"13f0525\" data-element_type=\"container\" data-settings=\"{&quot;animation_mobile&quot;:&quot;bounceInLeft&quot;,&quot;animation&quot;:&quot;zoomIn&quot;}\">\n\t\t\t\t<div class=\"elementor-element elementor-element-e358fb9 elementor-widget elementor-widget-html\" data-id=\"e358fb9\" data-element_type=\"widget\" data-widget_type=\"html.default\">\n\t\t\t\t<div class=\"elementor-widget-container\">\n\t\t\t\t\t<p class=\"description-main\">\n    A <strong>MAKOR<\/strong> \u00e9 mais do que uma academia; \u00e9 um espa\u00e7o de transforma\u00e7\u00e3o f\u00edsica e mental, oferecendo treinos <strong>personalizados<\/strong> e \nacompanhamento especializado. \nNossa miss\u00e3o \u00e9 promover bem-estar e alta \nperformance em um ambiente inovador e acolhedor, sempre priorizando a sa\u00fade, a \n<strong>excel\u00eancia<\/strong> e a constru\u00e7\u00e3o de uma \ncomunidade unida.\n    \n<\/p>\t\t\t\t<\/div>\n\t\t\t\t<\/div>\n\t\t\t\t<\/div>\n\t\t\t\t<\/div>\n\t\t<div class=\"elementor-element elementor-element-b9c4aaa e-con-full e-flex e-con e-child\" data-id=\"b9c4aaa\" data-element_type=\"container\">\n\t\t\t\t<div class=\"elementor-element elementor-element-3893f8c elementor-invisible elementor-widget elementor-widget-button\" data-id=\"3893f8c\" data-element_type=\"widget\" data-settings=\"{&quot;_animation_mobile&quot;:&quot;fadeInDown&quot;,&quot;_animation&quot;:&quot;fadeInDown&quot;}\" data-widget_type=\"button.default\">\n\t\t\t\t<div class=\"elementor-widget-container\">\n\t\t\t\t\t\t\t\t\t<div class=\"elementor-button-wrapper\">\n\t\t\t\t\t<a class=\"elementor-button elementor-button-link elementor-size-sm\" href=\"https:\/\/api.whatsapp.com\/send\/?phone=5543988231169&#038;text=Ol%C3%A1%2C+vim+do+site&#038;type=phone_number&#038;app_absent=0\" target=\"_blank\">\n\t\t\t\t\t\t<span class=\"elementor-button-content-wrapper\">\n\t\t\t\t\t\t\t\t\t<span class=\"elementor-button-text\">PLANOS<\/span>\n\t\t\t\t\t<\/span>\n\t\t\t\t\t<\/a>\n\t\t\t\t<\/div>\n\t\t\t\t\t\t\t\t<\/div>\n\t\t\t\t<\/div>\n\t\t\t\t<\/div>\n\t\t\t\t\t<\/div>\n\t\t\t\t<\/div>\n\t\t<div class=\"elementor-element elementor-element-151dee7 e-flex e-con-boxed e-con e-parent\" data-id=\"151dee7\" data-element_type=\"container\" data-settings=\"{&quot;background_background&quot;:&quot;classic&quot;}\">\n\t\t\t\t\t<div class=\"e-con-inner\">\n\t\t<div class=\"elementor-element elementor-element-c38989c e-con-full e-flex e-con e-child\" data-id=\"c38989c\" data-element_type=\"container\">\n\t\t<div class=\"elementor-element elementor-element-b34d3cc e-con-full e-flex e-con e-child\" data-id=\"b34d3cc\" data-element_type=\"container\">\n\t\t\t\t<div class=\"elementor-element elementor-element-d3048f4 elementor-invisible elementor-widget elementor-widget-heading\" data-id=\"d3048f4\" data-element_type=\"widget\" data-settings=\"{&quot;_animation_mobile&quot;:&quot;fadeInLeft&quot;,&quot;_animation&quot;:&quot;fadeInLeft&quot;}\" data-widget_type=\"heading.default\">\n\t\t\t\t<div class=\"elementor-widget-container\">\n\t\t\t\t\t<h2 class=\"elementor-heading-title elementor-size-default\">Train hard,<\/h2>\t\t\t\t<\/div>\n\t\t\t\t<\/div>\n\t\t\t\t<div class=\"elementor-element elementor-element-d96e877 elementor-invisible elementor-widget elementor-widget-heading\" data-id=\"d96e877\" data-element_type=\"widget\" data-settings=\"{&quot;_animation_mobile&quot;:&quot;fadeInLeft&quot;,&quot;_animation&quot;:&quot;fadeInLeft&quot;}\" data-widget_type=\"heading.default\">\n\t\t\t\t<div class=\"elementor-widget-container\">\n\t\t\t\t\t<h2 class=\"elementor-heading-title elementor-size-default\">live strong.<\/h2>\t\t\t\t<\/div>\n\t\t\t\t<\/div>\n\t\t\t\t<\/div>\n\t\t<div class=\"elementor-element elementor-element-4739969 e-con-full e-flex elementor-invisible e-con e-child\" data-id=\"4739969\" data-element_type=\"container\" data-settings=\"{&quot;animation_mobile&quot;:&quot;bounceInLeft&quot;,&quot;animation&quot;:&quot;zoomIn&quot;}\">\n\t\t\t\t<div class=\"elementor-element elementor-element-6e9b07e elementor-widget elementor-widget-html\" data-id=\"6e9b07e\" data-element_type=\"widget\" data-widget_type=\"html.default\">\n\t\t\t\t<div class=\"elementor-widget-container\">\n\t\t\t\t\t<p class=\"description-main\">\n    <strong>Makor Wellnes<\/strong>, muito mais que levantar pesos, aqui o foco \u00e9 sua evolu\u00e7\u00e3o. Com um ambiente acolhedor e uma <strong>equipe preparada<\/strong> para te acompanhar de forma individualizada, voc\u00ea fortalece <storng>corpo e mente<\/storng>, supera limites e transforma sua rotina.\n    \n<\/p>\n\n<p class=\"description-main\">\n    Treine com prop\u00f3sito. <strong>\n        Viva a experi\u00eancia Makor.\n    <\/strong>\n<\/p>\t\t\t\t<\/div>\n\t\t\t\t<\/div>\n\t\t\t\t<\/div>\n\t\t\t\t<\/div>\n\t\t<div class=\"elementor-element elementor-element-fbb70ba e-con-full e-flex e-con e-child\" data-id=\"fbb70ba\" data-element_type=\"container\">\n\t\t\t\t<div class=\"elementor-element elementor-element-65030be elementor-invisible elementor-widget elementor-widget-button\" data-id=\"65030be\" data-element_type=\"widget\" data-settings=\"{&quot;_animation_mobile&quot;:&quot;fadeInDown&quot;,&quot;_animation&quot;:&quot;fadeInDown&quot;}\" data-widget_type=\"button.default\">\n\t\t\t\t<div class=\"elementor-widget-container\">\n\t\t\t\t\t\t\t\t\t<div class=\"elementor-button-wrapper\">\n\t\t\t\t\t<a class=\"elementor-button elementor-button-link elementor-size-sm\" href=\"https:\/\/api.whatsapp.com\/send\/?phone=5543988231169&#038;text=Ol%C3%A1%2C+vim+do+site&#038;type=phone_number&#038;app_absent=0\" target=\"_blank\">\n\t\t\t\t\t\t<span class=\"elementor-button-content-wrapper\">\n\t\t\t\t\t\t\t\t\t<span class=\"elementor-button-text\">PLANOS<\/span>\n\t\t\t\t\t<\/span>\n\t\t\t\t\t<\/a>\n\t\t\t\t<\/div>\n\t\t\t\t\t\t\t\t<\/div>\n\t\t\t\t<\/div>\n\t\t\t\t<\/div>\n\t\t\t\t\t<\/div>\n\t\t\t\t<\/div>\n\t\t<div class=\"elementor-element elementor-element-c895a4a e-flex e-con-boxed e-con e-parent\" data-id=\"c895a4a\" data-element_type=\"container\" data-settings=\"{&quot;background_background&quot;:&quot;classic&quot;}\">\n\t\t\t\t\t<div class=\"e-con-inner\">\n\t\t<div class=\"elementor-element elementor-element-a784a72 e-con-full e-flex e-con e-child\" data-id=\"a784a72\" data-element_type=\"container\">\n\t\t<div class=\"elementor-element elementor-element-b3a857b e-con-full e-flex e-con e-child\" data-id=\"b3a857b\" data-element_type=\"container\">\n\t\t\t\t<div class=\"elementor-element elementor-element-471ee0a elementor-invisible elementor-widget elementor-widget-heading\" data-id=\"471ee0a\" data-element_type=\"widget\" data-settings=\"{&quot;_animation_mobile&quot;:&quot;fadeInLeft&quot;,&quot;_animation&quot;:&quot;fadeInLeft&quot;}\" data-widget_type=\"heading.default\">\n\t\t\t\t<div class=\"elementor-widget-container\">\n\t\t\t\t\t<h2 class=\"elementor-heading-title elementor-size-default\">Your strength,<\/h2>\t\t\t\t<\/div>\n\t\t\t\t<\/div>\n\t\t\t\t<div class=\"elementor-element elementor-element-29efbdb elementor-invisible elementor-widget elementor-widget-heading\" data-id=\"29efbdb\" data-element_type=\"widget\" data-settings=\"{&quot;_animation_mobile&quot;:&quot;fadeInLeft&quot;,&quot;_animation&quot;:&quot;fadeInLeft&quot;}\" data-widget_type=\"heading.default\">\n\t\t\t\t<div class=\"elementor-widget-container\">\n\t\t\t\t\t<h2 class=\"elementor-heading-title elementor-size-default\">Your journey<\/h2>\t\t\t\t<\/div>\n\t\t\t\t<\/div>\n\t\t\t\t<\/div>\n\t\t<div class=\"elementor-element elementor-element-32f92cb e-con-full e-flex elementor-invisible e-con e-child\" data-id=\"32f92cb\" data-element_type=\"container\" data-settings=\"{&quot;animation_mobile&quot;:&quot;bounceInLeft&quot;,&quot;animation&quot;:&quot;zoomIn&quot;}\">\n\t\t\t\t<div class=\"elementor-element elementor-element-b98fba0 elementor-widget elementor-widget-html\" data-id=\"b98fba0\" data-element_type=\"widget\" data-widget_type=\"html.default\">\n\t\t\t\t<div class=\"elementor-widget-container\">\n\t\t\t\t\t<p class=\"description-main\">\n    <strong>\n        Makor Endurance\n    <\/strong>,correr \u00e9 mais do que movimento \u00e9 supera\u00e7\u00e3o. Aqui, cada passada fortalece <strong>corpo e mente<\/strong>, impulsionando seu desempenho em todas as atividades. Seja para ganhar resist\u00eancia, velocidade ou simplesmente sentir a <strong>liberdade da corrida<\/strong>, nosso time t\u00e9cnico te acompanha de forma individualizada para que voc\u00ea conquiste seus objetivos.\n    \n<\/p>\n\n<p class=\"description-main\" style=\"margin: 0;\">\n    <strong>Vem pra Makor Endurance e descubra o poder da corrida na sua evolu\u00e7\u00e3o.<\/strong>\n<\/p>\t\t\t\t<\/div>\n\t\t\t\t<\/div>\n\t\t\t\t<\/div>\n\t\t\t\t<\/div>\n\t\t<div class=\"elementor-element elementor-element-020e922 e-con-full e-flex e-con e-child\" data-id=\"020e922\" data-element_type=\"container\">\n\t\t\t\t<div class=\"elementor-element elementor-element-52c39ee elementor-invisible elementor-widget elementor-widget-button\" data-id=\"52c39ee\" data-element_type=\"widget\" data-settings=\"{&quot;_animation_mobile&quot;:&quot;fadeInDown&quot;,&quot;_animation&quot;:&quot;fadeInDown&quot;}\" data-widget_type=\"button.default\">\n\t\t\t\t<div class=\"elementor-widget-container\">\n\t\t\t\t\t\t\t\t\t<div class=\"elementor-button-wrapper\">\n\t\t\t\t\t<a class=\"elementor-button elementor-button-link elementor-size-sm\" href=\"https:\/\/api.whatsapp.com\/send\/?phone=5543988231169&#038;text=Ol%C3%A1%2C+vim+do+site&#038;type=phone_number&#038;app_absent=0\" target=\"_blank\">\n\t\t\t\t\t\t<span class=\"elementor-button-content-wrapper\">\n\t\t\t\t\t\t\t\t\t<span class=\"elementor-button-text\">PLANOS<\/span>\n\t\t\t\t\t<\/span>\n\t\t\t\t\t<\/a>\n\t\t\t\t<\/div>\n\t\t\t\t\t\t\t\t<\/div>\n\t\t\t\t<\/div>\n\t\t\t\t<\/div>\n\t\t\t\t\t<\/div>\n\t\t\t\t<\/div>\n\t\t<div class=\"elementor-element elementor-element-d9e4b84 e-flex e-con-boxed e-con e-parent\" data-id=\"d9e4b84\" data-element_type=\"container\" data-settings=\"{&quot;background_background&quot;:&quot;classic&quot;}\">\n\t\t\t\t\t<div class=\"e-con-inner\">\n\t\t<div class=\"elementor-element elementor-element-7b3947a e-con-full e-flex e-con e-child\" data-id=\"7b3947a\" data-element_type=\"container\">\n\t\t<div class=\"elementor-element elementor-element-dec634f e-con-full e-flex e-con e-child\" data-id=\"dec634f\" data-element_type=\"container\">\n\t\t\t\t<div class=\"elementor-element elementor-element-f9143eb elementor-invisible elementor-widget elementor-widget-heading\" data-id=\"f9143eb\" data-element_type=\"widget\" data-settings=\"{&quot;_animation_mobile&quot;:&quot;fadeInLeft&quot;,&quot;_animation&quot;:&quot;fadeInLeft&quot;}\" data-widget_type=\"heading.default\">\n\t\t\t\t<div class=\"elementor-widget-container\">\n\t\t\t\t\t<h2 class=\"elementor-heading-title elementor-size-default\">Interaction and<\/h2>\t\t\t\t<\/div>\n\t\t\t\t<\/div>\n\t\t\t\t<div class=\"elementor-element elementor-element-71117ea elementor-invisible elementor-widget elementor-widget-heading\" data-id=\"71117ea\" data-element_type=\"widget\" data-settings=\"{&quot;_animation_mobile&quot;:&quot;fadeInLeft&quot;,&quot;_animation&quot;:&quot;fadeInLeft&quot;}\" data-widget_type=\"heading.default\">\n\t\t\t\t<div class=\"elementor-widget-container\">\n\t\t\t\t\t<h2 class=\"elementor-heading-title elementor-size-default\">health<\/h2>\t\t\t\t<\/div>\n\t\t\t\t<\/div>\n\t\t\t\t<\/div>\n\t\t<div class=\"elementor-element elementor-element-3f13516 e-con-full e-flex elementor-invisible e-con e-child\" data-id=\"3f13516\" data-element_type=\"container\" data-settings=\"{&quot;animation_mobile&quot;:&quot;bounceInLeft&quot;,&quot;animation&quot;:&quot;zoomIn&quot;}\">\n\t\t\t\t<div class=\"elementor-element elementor-element-bcc563e elementor-widget elementor-widget-html\" data-id=\"bcc563e\" data-element_type=\"widget\" data-widget_type=\"html.default\">\n\t\t\t\t<div class=\"elementor-widget-container\">\n\t\t\t\t\t<p class=\"description-main\">\n    <strong>Makor Group Classes<\/strong>, energia, motiva\u00e7\u00e3o e performance em cada treino. No Makor Group Classes, voc\u00ea encontra aulas din\u00e2micas de Bike, Step e Core, combinando intensidade e divers\u00e3o para <strong>potencializar seus resultados<\/strong>. Com orienta\u00e7\u00e3o especializada, voc\u00ea fortalece o corpo, melhora o condicionamento e evolui a cada sess\u00e3o.\n    \n<\/p>\n\n<p class=\"description-main\">\n    <strong>\n        Conecte-se com o movimento. Treine com a Makor.\n    <\/strong>\n<\/p>\t\t\t\t<\/div>\n\t\t\t\t<\/div>\n\t\t\t\t<\/div>\n\t\t\t\t<\/div>\n\t\t<div class=\"elementor-element elementor-element-c924b29 e-con-full e-flex e-con e-child\" data-id=\"c924b29\" data-element_type=\"container\">\n\t\t\t\t<div class=\"elementor-element elementor-element-a675fba elementor-invisible elementor-widget elementor-widget-button\" data-id=\"a675fba\" data-element_type=\"widget\" data-settings=\"{&quot;_animation_mobile&quot;:&quot;fadeInDown&quot;,&quot;_animation&quot;:&quot;fadeInDown&quot;}\" data-widget_type=\"button.default\">\n\t\t\t\t<div class=\"elementor-widget-container\">\n\t\t\t\t\t\t\t\t\t<div class=\"elementor-button-wrapper\">\n\t\t\t\t\t<a class=\"elementor-button elementor-button-link elementor-size-sm\" href=\"https:\/\/api.whatsapp.com\/send\/?phone=5543988231169&#038;text=Ol%C3%A1%2C+vim+do+site&#038;type=phone_number&#038;app_absent=0\" target=\"_blank\">\n\t\t\t\t\t\t<span class=\"elementor-button-content-wrapper\">\n\t\t\t\t\t\t\t\t\t<span class=\"elementor-button-text\">PLANOS<\/span>\n\t\t\t\t\t<\/span>\n\t\t\t\t\t<\/a>\n\t\t\t\t<\/div>\n\t\t\t\t\t\t\t\t<\/div>\n\t\t\t\t<\/div>\n\t\t\t\t<\/div>\n\t\t\t\t\t<\/div>\n\t\t\t\t<\/div>\n\t\t<div class=\"elementor-element elementor-element-aa78a40 e-flex e-con-boxed e-con e-parent\" data-id=\"aa78a40\" data-element_type=\"container\" data-settings=\"{&quot;background_background&quot;:&quot;classic&quot;}\">\n\t\t\t\t\t<div class=\"e-con-inner\">\n\t\t<div class=\"elementor-element elementor-element-1e794d9 e-con-full e-flex e-con e-child\" data-id=\"1e794d9\" data-element_type=\"container\" data-settings=\"{&quot;background_background&quot;:&quot;classic&quot;}\">\n\t\t\t\t<div class=\"elementor-element elementor-element-15ad480 elementor-widget elementor-widget-heading\" data-id=\"15ad480\" data-element_type=\"widget\" data-widget_type=\"heading.default\">\n\t\t\t\t<div class=\"elementor-widget-container\">\n\t\t\t\t\t<h2 class=\"elementor-heading-title elementor-size-default\">Newsletter<\/h2>\t\t\t\t<\/div>\n\t\t\t\t<\/div>\n\t\t\t\t<div class=\"elementor-element elementor-element-5955468 elementor-widget elementor-widget-shortcode\" data-id=\"5955468\" data-element_type=\"widget\" data-widget_type=\"shortcode.default\">\n\t\t\t\t<div class=\"elementor-widget-container\">\n\t\t\t\t\t\t\t<div class=\"elementor-shortcode\">\n<div class=\"wpcf7 no-js\" id=\"wpcf7-f600-o1\" lang=\"pt-BR\" dir=\"ltr\" data-wpcf7-id=\"600\">\n<div class=\"screen-reader-response\"><p role=\"status\" aria-live=\"polite\" aria-atomic=\"true\"><\/p> <ul><\/ul><\/div>\n<form action=\"\/index.php?rest_route=%2Fwp%2Fv2%2Fpages%2F8#wpcf7-f600-o1\" method=\"post\" class=\"wpcf7-form init\" aria-label=\"Formul\u00e1rios de contato\" novalidate=\"novalidate\" data-status=\"init\">\n<div style=\"display: none;\">\n<input type=\"hidden\" name=\"_wpcf7\" value=\"600\" \/>\n<input type=\"hidden\" name=\"_wpcf7_version\" value=\"6.0.4\" \/>\n<input type=\"hidden\" name=\"_wpcf7_locale\" value=\"pt_BR\" \/>\n<input type=\"hidden\" name=\"_wpcf7_unit_tag\" value=\"wpcf7-f600-o1\" \/>\n<input type=\"hidden\" name=\"_wpcf7_container_post\" value=\"0\" \/>\n<input type=\"hidden\" name=\"_wpcf7_posted_data_hash\" value=\"\" \/>\n<\/div>\n<p><label><br \/>\n<span class=\"wpcf7-form-control-wrap\" data-name=\"your-email\"><input size=\"40\" maxlength=\"400\" class=\"wpcf7-form-control wpcf7-email wpcf7-validates-as-required wpcf7-text wpcf7-validates-as-email\" autocomplete=\"email\" aria-required=\"true\" aria-invalid=\"false\" placeholder=\"Seu email\" value=\"\" type=\"email\" name=\"your-email\" \/><\/span> <\/label>\n<\/p>\n<p><input class=\"wpcf7-form-control wpcf7-submit has-spinner\" type=\"submit\" value=\"Enviar\" \/>\n<\/p><div class=\"wpcf7-response-output\" aria-hidden=\"true\"><\/div>\n<\/form>\n<\/div>\n<\/div>\n\t\t\t\t\t\t<\/div>\n\t\t\t\t<\/div>\n\t\t\t\t<div class=\"elementor-element elementor-element-5e1572d elementor-widget elementor-widget-html\" data-id=\"5e1572d\" data-element_type=\"widget\" data-widget_type=\"html.default\">\n\t\t\t\t<div class=\"elementor-widget-container\">\n\t\t\t\t\t<p style=\"color: #fff;text-align: center;font-family: New Science;font-weight: 400;font-size: 1.3rem\">\n    Fa\u00e7a seu cadastro para receber <strong>novidades<\/strong>\n<\/p>\t\t\t\t<\/div>\n\t\t\t\t<\/div>\n\t\t\t\t<\/div>\n\t\t\t\t\t<\/div>\n\t\t\t\t<\/div>\n\t\t\t\t<\/div>\n\t\t","protected":false},"excerpt":{"rendered":"<p>Sa\u00fade e performance. A MAKOR \u00e9 mais do que uma academia; \u00e9 um espa\u00e7o de transforma\u00e7\u00e3o f\u00edsica e mental, oferecendo treinos personalizados e acompanhamento especializado. Nossa miss\u00e3o \u00e9 promover bem-estar e alta performance em um ambiente inovador e acolhedor, sempre priorizando a sa\u00fade, a excel\u00eancia e a constru\u00e7\u00e3o de uma comunidade unida. PLANOS Train hard, [&hellip;]<\/p>\n","protected":false},"author":1,"featured_media":0,"parent":0,"menu_order":0,"comment_status":"closed","ping_status":"closed","template":"elementor_header_footer","meta":{"_joinchat":[],"footnotes":""},"class_list":["post-8","page","type-page","status-publish","hentry"],"_links":{"self":[{"href":"https:\/\/makorcenter.com.br\/index.php?rest_route=\/wp\/v2\/pages\/8","targetHints":{"allow":["GET"]}}],"collection":[{"href":"https:\/\/makorcenter.com.br\/index.php?rest_route=\/wp\/v2\/pages"}],"about":[{"href":"https:\/\/makorcenter.com.br\/index.php?rest_route=\/wp\/v2\/types\/page"}],"author":[{"embeddable":true,"href":"https:\/\/makorcenter.com.br\/index.php?rest_route=\/wp\/v2\/users\/1"}],"replies":[{"embeddable":true,"href":"https:\/\/makorcenter.com.br\/index.php?rest_route=%2Fwp%2Fv2%2Fcomments&post=8"}],"version-history":[{"count":593,"href":"https:\/\/makorcenter.com.br\/index.php?rest_route=\/wp\/v2\/pages\/8\/revisions"}],"predecessor-version":[{"id":1098,"href":"https:\/\/makorcenter.com.br\/index.php?rest_route=\/wp\/v2\/pages\/8\/revisions\/1098"}],"wp:attachment":[{"href":"https:\/\/makorcenter.com.br\/index.php?rest_route=%2Fwp%2Fv2%2Fmedia&parent=8"}],"curies":[{"name":"wp","href":"https:\/\/api.w.org\/{rel}","templated":true}]}}